{"id":155,"date":"2020-07-02T22:24:26","date_gmt":"2020-07-02T22:24:26","guid":{"rendered":"http:\/\/tiendasmeledik.cl\/?post_type=product&#038;p=155"},"modified":"2020-07-22T03:38:25","modified_gmt":"2020-07-22T03:38:25","slug":"osito-color-rosa-diseno-bunny","status":"publish","type":"product","link":"https:\/\/tiendasmeledik.cl\/index.php\/producto\/osito-color-rosa-diseno-bunny\/","title":{"rendered":"Osito color Rosa dise\u00f1o Bunny"},"content":{"rendered":"<p>Osito color Rosa dise\u00f1o Bunny, mangas largas, 100 % algod\u00f3n<\/p>\n","protected":false},"excerpt":{"rendered":"<p>Osito color Rosa dise\u00f1o Bunny, mangas largas, 100 % algod\u00f3n<\/p>\n","protected":false},"featured_media":147,"comment_status":"open","ping_status":"closed","template":"","meta":[],"_links":{"self":[{"href":"https:\/\/tiendasmeledik.cl\/index.php\/wp-json\/wp\/v2\/product\/155"}],"collection":[{"href":"https:\/\/tiendasmeledik.cl\/index.php\/wp-json\/wp\/v2\/product"}],"about":[{"href":"https:\/\/tiendasmeledik.cl\/index.php\/wp-json\/wp\/v2\/types\/product"}],"replies":[{"embeddable":true,"href":"https:\/\/tiendasmeledik.cl\/index.php\/wp-json\/wp\/v2\/comments?post=155"}],"wp:featuredmedia":[{"embeddable":true,"href":"https:\/\/tiendasmeledik.cl\/index.php\/wp-json\/wp\/v2\/media\/147"}],"wp:attachment":[{"href":"https:\/\/tiendasmeledik.cl\/index.php\/wp-json\/wp\/v2\/media?parent=155"}],"curies":[{"name":"wp","href":"https:\/\/api.w.org\/{rel}","templated":true}]}}