{"id":180,"date":"2020-07-02T23:25:59","date_gmt":"2020-07-02T23:25:59","guid":{"rendered":"http:\/\/tiendasmeledik.cl\/?post_type=product&#038;p=180"},"modified":"2020-08-06T02:57:59","modified_gmt":"2020-08-06T02:57:59","slug":"osito-color-blanco-con-lunares-rosa-diseno-mommy","status":"publish","type":"product","link":"https:\/\/tiendasmeledik.cl\/index.php\/producto\/osito-color-blanco-con-lunares-rosa-diseno-mommy\/","title":{"rendered":"Osito color Blanco con lunares Rosa dise\u00f1o Mommy"},"content":{"rendered":"<p>Osito color Blanco con lunares Rosa dise\u00f1o Mommy, mangas largas, 100% algod\u00f3n<\/p>\n<p>&nbsp;<\/p>\n","protected":false},"excerpt":{"rendered":"<p>Osito color Blanco con lunares Rosa dise\u00f1o Mommy<\/p>\n","protected":false},"featured_media":182,"comment_status":"open","ping_status":"closed","template":"","meta":[],"_links":{"self":[{"href":"https:\/\/tiendasmeledik.cl\/index.php\/wp-json\/wp\/v2\/product\/180"}],"collection":[{"href":"https:\/\/tiendasmeledik.cl\/index.php\/wp-json\/wp\/v2\/product"}],"about":[{"href":"https:\/\/tiendasmeledik.cl\/index.php\/wp-json\/wp\/v2\/types\/product"}],"replies":[{"embeddable":true,"href":"https:\/\/tiendasmeledik.cl\/index.php\/wp-json\/wp\/v2\/comments?post=180"}],"wp:featuredmedia":[{"embeddable":true,"href":"https:\/\/tiendasmeledik.cl\/index.php\/wp-json\/wp\/v2\/media\/182"}],"wp:attachment":[{"href":"https:\/\/tiendasmeledik.cl\/index.php\/wp-json\/wp\/v2\/media?parent=180"}],"curies":[{"name":"wp","href":"https:\/\/api.w.org\/{rel}","templated":true}]}}